{"id":2631,"date":"2017-04-06T15:26:13","date_gmt":"2017-04-06T15:26:13","guid":{"rendered":"http:\/\/comunicaciondigital.utp.ac.pa\/5G\/?page_id=2631"},"modified":"2020-06-29T15:58:21","modified_gmt":"2020-06-29T15:58:21","slug":"editores","status":"publish","type":"page","link":"http:\/\/comunicaciondigital.utp.ac.pa\/5G\/editores\/","title":{"rendered":"Editores"},"content":{"rendered":"<p>[vc_row][vc_column][vc_empty_space height=&#8221;100px&#8221;][\/vc_column][\/vc_row][vc_row][vc_column][vc_row_inner][vc_column_inner width=&#8221;1\/4&#8243;][vc_single_image image=&#8221;2833&#8243; img_size=&#8221;large&#8221; alignment=&#8221;center&#8221; css=&#8221;.vc_custom_1499488509065{margin-top: 30px !important;}&#8221;][\/vc_column_inner][vc_column_inner width=&#8221;3\/4&#8243;][vc_column_text css_animation=&#8221;top-to-bottom&#8221;]<\/p>\n<h1>Dr. Hector Poveda<\/h1>\n<h2>Investigador Principal<\/h2>\n<p style=\"font-weight: 400; text-align: justify;\">H\u00e9ctor Poveda es un profesional con a\u00f1os de experiencia en el campo de telecomunicaciones. Ha dictado cursos a nivel universitario tanto en Panam\u00e1 como en Francia, ha realizado presentaciones en conferencias internacionales del m\u00e1s alto nivel cient\u00edfico y cuenta en su haber m\u00e1s de 20 publicaciones en temas de telecomunicaciones. Ha colaborado en diversos proyectos en el \u00e1rea de telecomunicaciones tanto con empresas locales e internacionales, como con universidades y laboratorios de investigaci\u00f3n en Europa. Para m\u00e1s detalles visitar <a href=\"www.hpoveda7.com\">www.hpoveda7.com<\/a>.<\/p>\n<h2><strong>Experiencia Profesional y en Investigaci\u00f3n<\/strong><\/h2>\n<p style=\"font-weight: 400; text-align: justify;\">\u200b Sus intereses de investigaci\u00f3n incluyen: procesamiento de se\u00f1ales bioac\u00fasticas, t\u00e9cnicas de estimaci\u00f3n y coordinaci\u00f3n de interferencia en sistemas inal\u00e1mbricos, conceptos de IoT y 5G.<\/p>\n<h2><strong>Educaci\u00f3n<\/strong><\/h2>\n<p style=\"text-align: justify;\">Recibi\u00f3 su doctorado en Comunicaciones Digitales y Procesamiento Digital de Se\u00f1ales en el 2011 de la Universit\u00e9 Bordeaux 1, Francia. Desarroll\u00f3 su investigaci\u00f3n doctoral en Laboratorio\u00a0Int\u00e9gration du Mat\u00e9riau au Syst\u00e8me (IMS) de Burdeos, Francia. En su trabajo doctoral realiz\u00f3 contribuciones en aspectos de la estimaci\u00f3n de canal y la sincronizaci\u00f3n de la frecuencia portadora en sistemas inal\u00e1mbricos multiportadora. Propuso diferentes t\u00e9cnicas de estimaci\u00f3n\/correcci\u00f3n basadas en el filtrado de Kalman y H infinito. H\u00e9ctor recibi\u00f3 su t\u00edtulo de maestr\u00eda en Procesamiento Digital de Se\u00f1ales e Im\u00e1genes de la Universit\u00e9 Bordeaux 1, Francia. Recibi\u00f3 el diploma de Ingenier\u00eda Electr\u00f3nica y Telecomunicaciones de la Universidad Tecnol\u00f3gica de Panam\u00e1 en el 2006.<\/p>\n<p>[\/vc_column_text][\/vc_column_inner][\/vc_row_inner][\/vc_column][\/vc_row][vc_row][vc_column][vc_row_inner][vc_column_inner width=&#8221;1\/4&#8243;][vc_single_image image=&#8221;2834&#8243; img_size=&#8221;large&#8221; alignment=&#8221;center&#8221; css=&#8221;.vc_custom_1499488526160{margin-top: 55px !important;border-top-width: 10px !important;border-right-width: 10px !important;border-bottom-width: 10px !important;border-left-width: 10px !important;border-left-color: #ffffff !important;border-left-style: inherit !important;border-right-color: #ffffff !important;border-right-style: inherit !important;border-top-color: #ffffff !important;border-top-style: inherit !important;border-bottom-color: #ffffff !important;border-bottom-style: inherit !important;}&#8221;][\/vc_column_inner][vc_column_inner width=&#8221;3\/4&#8243; css=&#8221;.vc_custom_1491764269275{background-color: #ffffff !important;}&#8221;][vc_column_text css_animation=&#8221;top-to-bottom&#8221;]<\/p>\n<h1>Msc. Edgar Ramos<\/h1>\n<h2>Co-Investigador<\/h2>\n<p><span style=\"font-weight: 400; text-align: justify;\">Edgar tiene amplia experiencia en el desarrollo, estandarizaci\u00f3n \u00a0y evaluaci\u00f3n de conceptos nuevos para redes celulares. \u00c9l ha estado envuelto en la incepci\u00f3n, evoluci\u00f3n y conceptualizaci\u00f3n de 5G, redes heterog\u00e9neas y protocolos de redes inal\u00e1mbricas y es autor de varias patentes en estas \u00e1reas. Actualmente Edgar dedica su trabajo de investigaci\u00f3n al Internet-de-las-cosas (IoT).<\/span><\/p>\n<h2><strong>Experiencia Profesional y en Investigaci\u00f3n<\/strong><\/h2>\n<p style=\"text-align: justify;\"><span style=\"font-weight: 400;\">15 a\u00f1os de experiencia en investigaci\u00f3n de redes inal\u00e1mbricas y celulares. Actualmente Senior Researcher (Investigador Senior) en Ericsson Research, Finlandia. El principal foco de su trabajo han sido la creaci\u00f3n, evoluci\u00f3n y evaluaci\u00f3n de \u00a0protocolos y arquitecturas de redes inal\u00e1mbricas en conexi\u00f3n con su utilidad pr\u00e1ctica y por tanto su impacto en nuestras vidas diarias. Para ello, Edgar se ha especializado en la fabricaci\u00f3n de modelos de simulaci\u00f3n y de sistemas, as\u00ed como en la \u00a0innovaci\u00f3n y exploraci\u00f3n de nuevas tecnolog\u00edas y \u00e1reas prometedoras para las telecomunicaciones.<\/span><\/p>\n<p style=\"text-align: justify;\"><span style=\"font-weight: 400;\">Edgar es autor de m\u00faltiples patentes y de contribuciones de estandarizaci\u00f3n celular en 3GPP relativas a 3G, 4G y 5G.<\/span><\/p>\n<p style=\"text-align: justify;\"><span style=\"font-weight: 400;\">Anteriormente ha trabajado en el desarrollo de software de telecomunicaciones, como docente universitario y experto en IT.<\/span><\/p>\n<h2><strong>Educaci\u00f3n<\/strong><\/h2>\n<p style=\"text-align: justify;\"><span style=\"font-weight: 400;\">Candidato a Doctorado de Ciencias de Tecnolog\u00eda, Ingenier\u00eda de Telecomunicaci\u00f3n de \u00a0Aalto University, Finlandia.<\/span><\/p>\n<p style=\"text-align: justify;\"><span style=\"font-weight: 400; text-align: justify;\">Maestr\u00eda de Ciencias de Tecnolog\u00eda, Ciencias de Computaci\u00f3n especializado en Software de Telecomunicaciones de \u00a0Helsinki University of Technology (HUT)\/Teknillinen korkeakoulu (TKK), Finlandia (hoy en dia Aalto University).<\/span><\/p>\n<p>[\/vc_column_text][\/vc_column_inner][\/vc_row_inner][\/vc_column][\/vc_row][vc_row][vc_column][vc_row_inner][vc_column_inner width=&#8221;1\/4&#8243;][vc_single_image image=&#8221;2831&#8243; img_size=&#8221;large&#8221; alignment=&#8221;center&#8221; css=&#8221;.vc_custom_1499488541917{margin-top: 25px !important;border-top-width: 10px !important;border-right-width: 10px !important;border-bottom-width: 10px !important;border-left-width: 10px !important;}&#8221;][\/vc_column_inner][vc_column_inner width=&#8221;3\/4&#8243;][vc_column_text css_animation=&#8221;top-to-bottom&#8221;]<\/p>\n<h1>Dr. David Gonz\u00e1lez G.<\/h1>\n<h2>Co-Investigador<\/h2>\n<p><span style=\"font-weight: 400; text-align: justify;\">David es investigador en el \u00e1rea de comunicaciones y sistemas inal\u00e1mbricos, con \u00e9nfasis en redes celulares, y tiene experiencia acad\u00e9mica y en industria en sistemas\/protocolos de telecomunicaciones. Sus \u00e1reas de inter\u00e9s incluyen modelado, an\u00e1lisis, y optimizaci\u00f3n de acceso radio, y diversos aspectos de gesti\u00f3n de recursos radio, coordinaci\u00f3n de interferencia, y conceptos para 5G. <\/span><\/p>\n<h2>Experiencia Profesional y en Investigaci\u00f3n<\/h2>\n<p style=\"text-align: justify;\">Desde 2014, David sirve como Investigador postdoctoral en el Departamento de Comunicaciones y Redes en Aalto University, Finlandia.Como ingeniero, investigador, y acad\u00e9mico en el \u00e1rea de las telecomunicaciones, sistemas inal\u00e1mbricos, y redes celulares, el \u00e1mbito de trabajo e inter\u00e9s de David comprende: protocolos de se\u00f1alizaci\u00f3n y transporte, modelado de acceso radio, coordinaci\u00f3n y mitigaci\u00f3n de interferencia, optimizaci\u00f3n basada en m\u00e9todos estoc\u00e1sticos, eficiencia energ\u00e9tica, gesti\u00f3n de recursos radio (Radio Resource Management), y aspectos de estandarizaci\u00f3n y regulaci\u00f3n. Para mas detalles, visita <a href=\"http:\/\/www.researcherid.com\/rid\/G-7280-2015\">RESEARCHER ID<\/a> y <a href=\"https:\/\/scholar.google.fi\/citations?hl=en&amp;user=jbNv5WcAAAAJ \">GOOGLE SCHOLAR<\/a><\/p>\n<h2 style=\"text-align: justify;\">Educaci\u00f3n<\/h2>\n<p style=\"text-align: justify;\">David naci\u00f3 el 21 de diciembre de 1978 en Chitr\u00e9, provincia de Herrera, Rep\u00fablica de Panam\u00e1. Obtuvo el grado Ingenier\u00eda Electr\u00f3nica y Comunicaci\u00f3n por la Universidad de Panam\u00e1 en 2001, luego de lo cual labor\u00f3 (hasta inicios de 2006) paralelamente como Ingeniero de Telecomunicaciones e ingeniero de Planificaci\u00f3n de proyectos en Cable Onda, Panam\u00e1, y como Docente a tiempo parcial en la Facultad de Ingenier\u00eda El\u00e9ctrica de la Universidad Tecnol\u00f3gica de Panam\u00e1. David obtiene los grados de Master en Comunicaciones M\u00f3viles y Doctor en Teor\u00eda de Se\u00f1al y Comunicaciones, ambos por la Universitat Polit\u00e8cnica de Catalunya (Barcelona, Espa\u00f1a), en 2007 y 2013, respectivamente.<\/p>\n<p>[\/vc_column_text][\/vc_column_inner][\/vc_row_inner][\/vc_column][\/vc_row][vc_row][vc_column][vc_row_inner][vc_column_inner width=&#8221;1\/4&#8243;][vc_single_image image=&#8221;2832&#8243; img_size=&#8221;large&#8221; alignment=&#8221;center&#8221; css=&#8221;.vc_custom_1499488562163{margin-top: 25px !important;}&#8221;][\/vc_column_inner][vc_column_inner width=&#8221;3\/4&#8243;][vc_column_text css_animation=&#8221;top-to-bottom&#8221;]<\/p>\n<h1>Dr. Fernando Merchan<\/h1>\n<h2>Co-Investigador<\/h2>\n<p><span style=\"font-weight: 400;\">Fernando tiene un doctorado en procesamiento de se\u00f1ales e im\u00e1genes. Es profesor tiempo completo en la Universidad Tecnol\u00f3gica de Panam\u00e1. Actualmente sus \u00e1reas de inter\u00e9s y proyectos incluyen: modelado de procesos estoc\u00e1sticos (ARMA), aplicaciones del sensado compresivo, detecci\u00f3n y clasificaci\u00f3n de se\u00f1ales de audio y el procesamiento de im\u00e1genes.<\/span><\/p>\n<h2>Experiencia Profesional y en Investigaci\u00f3n<\/h2>\n<p style=\"text-align: justify;\">Actualmente sus \u00e1reas de inter\u00e9s y proyectos incluyen: aplicaciones del sensado compresivo, reconocimiento de expresiones faciales y de rostro, t\u00e9cnicas de separaci\u00f3n de fuentes entre otros. Labora en la Facultad de Ingenier\u00eda El\u00e9ctrica de la UTP y mantiene colaboraciones con colegas en el Laboratorio IMS, Francia; Northestern University, Boston y el Instituto Tecnol\u00f3gico de Costa Rica.<\/p>\n<h2 style=\"text-align: justify;\">Educaci\u00f3n<\/h2>\n<p style=\"text-align: justify;\">Fernando Merch\u00e1n realiz\u00f3 un Doctorado en Procesamiento de Se\u00f1ales e Im\u00e1genes Universit\u00e9 Bordeaux I, en Francia (2009). <span lang=\"ES-PA\">Desarrollo su investigaci\u00f3n doctoral en Laboratorio<\/span> <span lang=\"ES-PA\">Int\u00e9gration du Mat\u00e9riau au Syst\u00e8me (IMS) de Burdeos, Francia. Su investigaci\u00f3n doctoral abord\u00f3 t\u00e9cnicas de modelado param\u00e9trico de se\u00f1ales e im\u00e1genes basado en la descomposici\u00f3n de Wold y t\u00e9cnicas de descomposici\u00f3n de se\u00f1ales e im\u00e1genes basadas en la regularidad local. Estas t\u00e9cnicas fueron aplicadas en la simulaci\u00f3n de canales inal\u00e1mbricos, an\u00e1lisis y s\u00edntesis de texturas y la compresi\u00f3n h\u00edbrida de im\u00e1genes. Merch\u00e1n obtuvo su t\u00edtulo de Maestr\u00eda en la Universidad de Bordeaux I (2005). El recibi\u00f3 un Diploma de Ingeniero-Grado M\u00e1ster, opci\u00f3n telecomunicaciones, de la \u00c9cole Nationale Sup\u00e9rieure d\u2019Electronique, d\u2019Informatique et de Radiocommunications de Bordeaux (ENSEIRB), Francia y un diploma en Ingenier\u00eda El\u00e9ctrica y Electr\u00f3nica de la Universidad Tecnol\u00f3gica de Panam\u00e1 (UTP), en 2003.<\/span><\/p>\n<p>[\/vc_column_text][\/vc_column_inner][\/vc_row_inner][\/vc_column][\/vc_row][vc_row][vc_column][vc_empty_space height=&#8221;100px&#8221;][\/vc_column][\/vc_row]<\/p>\n","protected":false},"excerpt":{"rendered":"<p>[vc_row][vc_column][vc_empty_space height=&#8221;100px&#8221;][\/vc_column][\/vc_row][vc_row][vc_column][vc_row_inner][vc_column_inner width=&#8221;1\/4&#8243;][vc_single_image image=&#8221;2833&#8243; img_size=&#8221;large&#8221; alignment=&#8221;center&#8221; css=&#8221;.vc_custom_1499488509065{margin-top: 30px !important;}&#8221;][\/vc_column_inner][vc_column_inner width=&#8221;3\/4&#8243;][vc_column_text css_animation=&#8221;top-to-bottom&#8221;] Dr. Hector Poveda Investigador [&hellip;]<\/p>\n","protected":false},"author":1,"featured_media":0,"parent":0,"menu_order":0,"comment_status":"closed","ping_status":"closed","template":"","meta":{"footnotes":""},"class_list":["post-2631","page","type-page","status-publish","hentry"],"yoast_head":"<!-- This site is optimized with the Yoast SEO plugin v27.3 - https:\/\/yoast.com\/product\/yoast-seo-wordpress\/ -->\n<title>Editores<\/title>\n<meta name=\"description\" content=\"Dr. Hector Poveda Investigador Principal H\u00e9ctor Poveda es un profesional con a\u00f1os de experiencia en el campo de telecomunicaciones. Ha dictado cursos a\" \/>\n<meta name=\"robots\" content=\"index, follow, max-snippet:-1, max-image-preview:large, max-video-preview:-1\" \/>\n<link rel=\"canonical\" href=\"http:\/\/comunicaciondigital.utp.ac.pa\/5G\/editores\/\" \/>\n<meta property=\"og:locale\" content=\"es_MX\" \/>\n<meta property=\"og:type\" content=\"article\" \/>\n<meta property=\"og:title\" content=\"Editores\" \/>\n<meta property=\"og:description\" content=\"Dr. Hector Poveda Investigador Principal H\u00e9ctor Poveda es un profesional con a\u00f1os de experiencia en el campo de telecomunicaciones. Ha dictado cursos a\" \/>\n<meta property=\"og:url\" content=\"http:\/\/comunicaciondigital.utp.ac.pa\/5G\/editores\/\" \/>\n<meta property=\"og:site_name\" content=\"Grupo de Investigaci\u00f3n en Sistemas de Comunicaciones Digitales Avanzados\" \/>\n<meta property=\"article:modified_time\" content=\"2020-06-29T15:58:21+00:00\" \/>\n<meta name=\"twitter:card\" content=\"summary_large_image\" \/>\n<meta name=\"twitter:label1\" content=\"Tiempo de lectura\" \/>\n\t<meta name=\"twitter:data1\" content=\"7 minutos\" \/>\n<script type=\"application\/ld+json\" class=\"yoast-schema-graph\">{\"@context\":\"https:\\\/\\\/schema.org\",\"@graph\":[{\"@type\":\"WebPage\",\"@id\":\"http:\\\/\\\/comunicaciondigital.utp.ac.pa\\\/5G\\\/editores\\\/\",\"url\":\"http:\\\/\\\/comunicaciondigital.utp.ac.pa\\\/5G\\\/editores\\\/\",\"name\":\"Editores\",\"isPartOf\":{\"@id\":\"http:\\\/\\\/comunicaciondigital.utp.ac.pa\\\/5G\\\/#website\"},\"datePublished\":\"2017-04-06T15:26:13+00:00\",\"dateModified\":\"2020-06-29T15:58:21+00:00\",\"description\":\"Dr. Hector Poveda Investigador Principal H\u00e9ctor Poveda es un profesional con a\u00f1os de experiencia en el campo de telecomunicaciones. Ha dictado cursos a\",\"breadcrumb\":{\"@id\":\"http:\\\/\\\/comunicaciondigital.utp.ac.pa\\\/5G\\\/editores\\\/#breadcrumb\"},\"inLanguage\":\"es\",\"potentialAction\":[{\"@type\":\"ReadAction\",\"target\":[\"http:\\\/\\\/comunicaciondigital.utp.ac.pa\\\/5G\\\/editores\\\/\"]}]},{\"@type\":\"BreadcrumbList\",\"@id\":\"http:\\\/\\\/comunicaciondigital.utp.ac.pa\\\/5G\\\/editores\\\/#breadcrumb\",\"itemListElement\":[{\"@type\":\"ListItem\",\"position\":1,\"name\":\"Portada\",\"item\":\"http:\\\/\\\/comunicaciondigital.utp.ac.pa\\\/5G\\\/\"},{\"@type\":\"ListItem\",\"position\":2,\"name\":\"Editores\"}]},{\"@type\":\"WebSite\",\"@id\":\"http:\\\/\\\/comunicaciondigital.utp.ac.pa\\\/5G\\\/#website\",\"url\":\"http:\\\/\\\/comunicaciondigital.utp.ac.pa\\\/5G\\\/\",\"name\":\"Grupo de Investigaci\u00f3n en Sistemas de Comunicaciones Digitales Avanzados\",\"description\":\"Especialistas 5G\",\"potentialAction\":[{\"@type\":\"SearchAction\",\"target\":{\"@type\":\"EntryPoint\",\"urlTemplate\":\"http:\\\/\\\/comunicaciondigital.utp.ac.pa\\\/5G\\\/?s={search_term_string}\"},\"query-input\":{\"@type\":\"PropertyValueSpecification\",\"valueRequired\":true,\"valueName\":\"search_term_string\"}}],\"inLanguage\":\"es\"}]}<\/script>\n<!-- \/ Yoast SEO plugin. -->","yoast_head_json":{"title":"Editores","description":"Dr. Hector Poveda Investigador Principal H\u00e9ctor Poveda es un profesional con a\u00f1os de experiencia en el campo de telecomunicaciones. Ha dictado cursos a","robots":{"index":"index","follow":"follow","max-snippet":"max-snippet:-1","max-image-preview":"max-image-preview:large","max-video-preview":"max-video-preview:-1"},"canonical":"http:\/\/comunicaciondigital.utp.ac.pa\/5G\/editores\/","og_locale":"es_MX","og_type":"article","og_title":"Editores","og_description":"Dr. Hector Poveda Investigador Principal H\u00e9ctor Poveda es un profesional con a\u00f1os de experiencia en el campo de telecomunicaciones. Ha dictado cursos a","og_url":"http:\/\/comunicaciondigital.utp.ac.pa\/5G\/editores\/","og_site_name":"Grupo de Investigaci\u00f3n en Sistemas de Comunicaciones Digitales Avanzados","article_modified_time":"2020-06-29T15:58:21+00:00","twitter_card":"summary_large_image","twitter_misc":{"Tiempo de lectura":"7 minutos"},"schema":{"@context":"https:\/\/schema.org","@graph":[{"@type":"WebPage","@id":"http:\/\/comunicaciondigital.utp.ac.pa\/5G\/editores\/","url":"http:\/\/comunicaciondigital.utp.ac.pa\/5G\/editores\/","name":"Editores","isPartOf":{"@id":"http:\/\/comunicaciondigital.utp.ac.pa\/5G\/#website"},"datePublished":"2017-04-06T15:26:13+00:00","dateModified":"2020-06-29T15:58:21+00:00","description":"Dr. Hector Poveda Investigador Principal H\u00e9ctor Poveda es un profesional con a\u00f1os de experiencia en el campo de telecomunicaciones. Ha dictado cursos a","breadcrumb":{"@id":"http:\/\/comunicaciondigital.utp.ac.pa\/5G\/editores\/#breadcrumb"},"inLanguage":"es","potentialAction":[{"@type":"ReadAction","target":["http:\/\/comunicaciondigital.utp.ac.pa\/5G\/editores\/"]}]},{"@type":"BreadcrumbList","@id":"http:\/\/comunicaciondigital.utp.ac.pa\/5G\/editores\/#breadcrumb","itemListElement":[{"@type":"ListItem","position":1,"name":"Portada","item":"http:\/\/comunicaciondigital.utp.ac.pa\/5G\/"},{"@type":"ListItem","position":2,"name":"Editores"}]},{"@type":"WebSite","@id":"http:\/\/comunicaciondigital.utp.ac.pa\/5G\/#website","url":"http:\/\/comunicaciondigital.utp.ac.pa\/5G\/","name":"Grupo de Investigaci\u00f3n en Sistemas de Comunicaciones Digitales Avanzados","description":"Especialistas 5G","potentialAction":[{"@type":"SearchAction","target":{"@type":"EntryPoint","urlTemplate":"http:\/\/comunicaciondigital.utp.ac.pa\/5G\/?s={search_term_string}"},"query-input":{"@type":"PropertyValueSpecification","valueRequired":true,"valueName":"search_term_string"}}],"inLanguage":"es"}]}},"_links":{"self":[{"href":"http:\/\/comunicaciondigital.utp.ac.pa\/5G\/wp-json\/wp\/v2\/pages\/2631","targetHints":{"allow":["GET"]}}],"collection":[{"href":"http:\/\/comunicaciondigital.utp.ac.pa\/5G\/wp-json\/wp\/v2\/pages"}],"about":[{"href":"http:\/\/comunicaciondigital.utp.ac.pa\/5G\/wp-json\/wp\/v2\/types\/page"}],"author":[{"embeddable":true,"href":"http:\/\/comunicaciondigital.utp.ac.pa\/5G\/wp-json\/wp\/v2\/users\/1"}],"replies":[{"embeddable":true,"href":"http:\/\/comunicaciondigital.utp.ac.pa\/5G\/wp-json\/wp\/v2\/comments?post=2631"}],"version-history":[{"count":9,"href":"http:\/\/comunicaciondigital.utp.ac.pa\/5G\/wp-json\/wp\/v2\/pages\/2631\/revisions"}],"predecessor-version":[{"id":3426,"href":"http:\/\/comunicaciondigital.utp.ac.pa\/5G\/wp-json\/wp\/v2\/pages\/2631\/revisions\/3426"}],"wp:attachment":[{"href":"http:\/\/comunicaciondigital.utp.ac.pa\/5G\/wp-json\/wp\/v2\/media?parent=2631"}],"curies":[{"name":"wp","href":"https:\/\/api.w.org\/{rel}","templated":true}]}}